{"id":1160,"date":"2023-02-13T12:49:14","date_gmt":"2023-02-13T11:49:14","guid":{"rendered":"https:\/\/staging.music-match.biz\/startseite-copy-2-copy-2-copy\/"},"modified":"2023-02-13T13:08:43","modified_gmt":"2023-02-13T12:08:43","slug":"impressum","status":"publish","type":"page","link":"https:\/\/www.music-match.biz\/en\/impressum\/","title":{"rendered":"Impressum"},"content":{"rendered":"<div data-elementor-type=\"wp-page\" data-elementor-id=\"1160\" class=\"elementor elementor-1160\" data-elementor-post-type=\"page\">\n\t\t\t\t<div class=\"elementor-element elementor-element-e2d9260 e-flex e-con-boxed e-con e-parent\" data-id=\"e2d9260\" data-element_type=\"container\" data-settings=\"{&quot;jet_parallax_layout_list&quot;:[],&quot;background_background&quot;:&quot;classic&quot;}\">\n\t\t\t\t\t<div class=\"e-con-inner\">\n\t\t\t\t<div class=\"elementor-element elementor-element-403b316 elementor-widget elementor-widget-heading\" data-id=\"403b316\" data-element_type=\"widget\" data-widget_type=\"heading.default\">\n\t\t\t\t\t<h2 class=\"elementor-heading-title elementor-size-default\">IMPRESSUM\n<\/h2>\t\t\t\t<\/div>\n\t\t\t\t\t<\/div>\n\t\t\t\t<\/div>\n\t\t<div class=\"elementor-element elementor-element-5b864d1 e-flex e-con-boxed e-con e-parent\" data-id=\"5b864d1\" data-element_type=\"container\" data-settings=\"{&quot;jet_parallax_layout_list&quot;:[]}\">\n\t\t\t\t\t<div class=\"e-con-inner\">\n\t\t\t\t<div class=\"elementor-element elementor-element-e126d3b elementor-widget elementor-widget-text-editor\" data-id=\"e126d3b\" data-element_type=\"widget\" data-widget_type=\"text-editor.default\">\n\t\t\t\t\t\t\t\t\t<p><strong>Verein<\/strong><\/p><p>scheune e.V.<\/p><p>1. Vorsitzender Ralf Seifert, vorstand@scheune.org<\/p><p>Sitz: Alaunstra\u00dfe 36-40, 01099 Dresden<\/p><p>VR 4549, Amtsgericht Dresden<\/p><p>UST-ID: DE 244464675<\/p><p>Jeder kann durch Spenden die Arbeit des Vereins unterst\u00fctzen. Wir stellen Spendenquittungen aus.<\/p><p>scheune e. V.<br \/>IBAN DE97 8505 0300 3200 0378 64<br \/>SWIFT OSDDDE81XXX<br \/>Osts\u00e4chsische Sparkasse Dresden<\/p><p><strong>Impressum<\/strong><\/p><p>Location<br \/>scheune<br \/>Alaunstra\u00dfe 36-40<br \/>01099 Dresden<br \/>www.scheune.org<br \/>email: info@scheune.org<\/p><p>Gesch\u00e4ftsf\u00fchrung: Romy Jaehnig<\/p><p>Postanschrift<\/p><p>scheune <br \/>PF 100 528 <br \/>01073 Dresden<\/p><p><strong>Betreiber<\/strong><\/p><p>scheune e.V.<\/p><p>1. Vorsitzender Magnus Hecht<\/p><p>Sitz: Alaunstra\u00dfe 36-40, 01099 Dresden<\/p><p>VR 4549, Amtsgericht Dresden<\/p><p>UST-ID: DE 244464675<\/p><p>Streitschlichtung<br \/>Die Europ\u00e4ische Kommission stellt eine Plattform zur Online-Streitbeilegung (OS) bereit:<br \/>https:\/\/ec.europa.eu\/consumers\/odr<br \/>Unsere E-Mail-Adresse finden Sie oben im Impressum.<br \/>Wir sind nicht bereit oder verpflichtet, an Streitbeilegungsverfahren vor einer Verbraucherschlichtungsstelle teilzunehmen.<\/p><p>Haftung f\u00fcr Inhalte<br \/>Als Diensteanbieter sind wir gem\u00e4\u00df \u00a7 7 Abs.1 TMG f\u00fcr eigene Inhalte auf diesen Seiten nach den allgemeinen Gesetzen verantwortlich. Nach \u00a7\u00a7 8 bis 10 TMG sind wir als Diensteanbieter jedoch nicht verpflichtet, \u00fcbermittelte oder gespeicherte fremde Informationen zu \u00fcberwachen oder nach Umst\u00e4nden<br \/>zu forschen, die auf eine rechtswidrige T\u00e4tigkeit hinweisen. Verpflichtungen zur Entfernung oder Sperrung der Nutzung von Informationen nach den allgemeinen Gesetzen bleiben hiervon unber\u00fchrt. Eine diesbez\u00fcgliche Haftung ist jedoch erst ab dem Zeitpunkt der Kenntnis einer konkreten Rechtsverletzung m\u00f6glich. Bei Bekanntwerden von entsprechenden Rechtsverletzungen werden wir diese Inhalte umgehend entfernen.<\/p><p>Haftung f\u00fcr Links<br \/>Unser Angebot enth\u00e4lt Links zu externen Websites Dritter, auf deren Inhalte wir keinen Einfluss haben. Deshalb k\u00f6nnen wir f\u00fcr diese fremden Inhalte auch keine Gew\u00e4hr \u00fcbernehmen. F\u00fcr die Inhalte der verlinkten Seiten ist stets der jeweilige Anbieter oder Betreiber der Seiten verantwortlich. Die verlinkten<br \/>Seiten wurden zum Zeitpunkt der Verlinkung auf m\u00f6gliche Rechtsverst\u00f6\u00dfe \u00fcberpr\u00fcft. Rechtswidrige Inhalte waren zum Zeitpunkt der Verlinkung nicht erkennbar. Eine permanente inhaltliche Kontrolle der verlinkten Seiten ist jedoch ohne konkrete Anhaltspunkte einer Rechtsverletzung nicht zumutbar. Bei Bekanntwerden von Rechtsverletzungen werden wir derartige Links umgehend entfernen.<\/p><p>Urheberrecht<br \/>Die durch die Seitenbetreiber erstellten Inhalte und Werke auf diesen Seiten unterliegen dem deutschen Urheberrecht. Die Vervielf\u00e4ltigung, Bearbeitung, Verbreitung und jede Art der Verwertung au\u00dferhalb der Grenzen des Urheberrechtes bed\u00fcrfen der schriftlichen Zustimmung des jeweiligen Autors bzw.<br \/>Erstellers. Downloads und Kopien dieser Seite sind nur f\u00fcr den privaten, nicht kommerziellen Gebrauch gestattet. Soweit die Inhalte auf dieser Seite nicht vom Betreiber erstellt wurden, werden die Urheberrechte Dritter beachtet. Insbesondere werden Inhalte Dritter als solche gekennzeichnet. Sollten Sie trotzdem auf eine Urheberrechtsverletzung aufmerksam werden, bitten wir um einen entsprechenden Hinweis. Bei Bekanntwerden von Rechtsverletzungen werden wir derartige Inhalte umgehend entfernen.<\/p>\t\t\t\t\t\t\t\t<\/div>\n\t\t\t\t\t<\/div>\n\t\t\t\t<\/div>\n\t\t\t\t<\/div>","protected":false},"excerpt":{"rendered":"<p>IMPRESSUM Verein scheune e.V. 1. Vorsitzender Ralf Seifert, vorstand@scheune.org Sitz: Alaunstra\u00dfe 36-40, 01099 Dresden VR 4549, Amtsgericht Dresden UST-ID: DE 244464675 Jeder kann durch Spenden die Arbeit des Vereins unterst\u00fctzen. Wir stellen Spendenquittungen aus. scheune e. V. IBAN DE97 8505 0300 3200 0378 64 SWIFT OSDDDE81XXX Osts\u00e4chsische Sparkasse Dresden Impressum Location scheune Alaunstra\u00dfe 36-40 01099 [&hellip;]<\/p>","protected":false},"author":1,"featured_media":0,"parent":0,"menu_order":0,"comment_status":"closed","ping_status":"closed","template":"","meta":{"footnotes":""},"class_list":["post-1160","page","type-page","status-publish","hentry"],"yoast_head":"<!-- This site is optimized with the Yoast SEO plugin v26.7 - https:\/\/yoast.com\/wordpress\/plugins\/seo\/ -->\n<title>Impressum - MusicMatch 2026 | Festival &amp; Konferenz<\/title>\n<meta name=\"robots\" content=\"index, follow, max-snippet:-1, max-image-preview:large, max-video-preview:-1\" \/>\n<link rel=\"canonical\" href=\"https:\/\/www.music-match.biz\/en\/impressum\/\" \/>\n<meta property=\"og:locale\" content=\"en_GB\" \/>\n<meta property=\"og:type\" content=\"article\" \/>\n<meta property=\"og:title\" content=\"Impressum - MusicMatch 2026 | Festival &amp; Konferenz\" \/>\n<meta property=\"og:description\" content=\"IMPRESSUM Verein scheune e.V. 1. Vorsitzender Ralf Seifert, vorstand@scheune.org Sitz: Alaunstra\u00dfe 36-40, 01099 Dresden VR 4549, Amtsgericht Dresden UST-ID: DE 244464675 Jeder kann durch Spenden die Arbeit des Vereins unterst\u00fctzen. Wir stellen Spendenquittungen aus. scheune e. V. IBAN DE97 8505 0300 3200 0378 64 SWIFT OSDDDE81XXX Osts\u00e4chsische Sparkasse Dresden Impressum Location scheune Alaunstra\u00dfe 36-40 01099 [&hellip;]\" \/>\n<meta property=\"og:url\" content=\"https:\/\/www.music-match.biz\/en\/impressum\/\" \/>\n<meta property=\"og:site_name\" content=\"MusicMatch 2026 | Festival &amp; Konferenz\" \/>\n<meta property=\"article:modified_time\" content=\"2023-02-13T12:08:43+00:00\" \/>\n<meta name=\"twitter:card\" content=\"summary_large_image\" \/>\n<meta name=\"twitter:label1\" content=\"Estimated reading time\" \/>\n\t<meta name=\"twitter:data1\" content=\"2 minutes\" \/>\n<script type=\"application\/ld+json\" class=\"yoast-schema-graph\">{\"@context\":\"https:\/\/schema.org\",\"@graph\":[{\"@type\":\"WebPage\",\"@id\":\"https:\/\/www.music-match.biz\/impressum\/\",\"url\":\"https:\/\/www.music-match.biz\/impressum\/\",\"name\":\"Impressum - MusicMatch 2026 | Festival &amp; Konferenz\",\"isPartOf\":{\"@id\":\"https:\/\/www.music-match.biz\/#website\"},\"datePublished\":\"2023-02-13T11:49:14+00:00\",\"dateModified\":\"2023-02-13T12:08:43+00:00\",\"breadcrumb\":{\"@id\":\"https:\/\/www.music-match.biz\/impressum\/#breadcrumb\"},\"inLanguage\":\"en-GB\",\"potentialAction\":[{\"@type\":\"ReadAction\",\"target\":[\"https:\/\/www.music-match.biz\/impressum\/\"]}]},{\"@type\":\"BreadcrumbList\",\"@id\":\"https:\/\/www.music-match.biz\/impressum\/#breadcrumb\",\"itemListElement\":[{\"@type\":\"ListItem\",\"position\":1,\"name\":\"Startseite\",\"item\":\"https:\/\/www.music-match.biz\/\"},{\"@type\":\"ListItem\",\"position\":2,\"name\":\"Impressum\"}]},{\"@type\":\"WebSite\",\"@id\":\"https:\/\/www.music-match.biz\/#website\",\"url\":\"https:\/\/www.music-match.biz\/\",\"name\":\"MusicMatch 2026 | Festival &amp; Konferenz\",\"description\":\"Music for a New Society.\",\"potentialAction\":[{\"@type\":\"SearchAction\",\"target\":{\"@type\":\"EntryPoint\",\"urlTemplate\":\"https:\/\/www.music-match.biz\/?s={search_term_string}\"},\"query-input\":{\"@type\":\"PropertyValueSpecification\",\"valueRequired\":true,\"valueName\":\"search_term_string\"}}],\"inLanguage\":\"en-GB\"}]}<\/script>\n<!-- \/ Yoast SEO plugin. -->","yoast_head_json":{"title":"Impressum - MusicMatch 2026 | Festival &amp; Konferenz","robots":{"index":"index","follow":"follow","max-snippet":"max-snippet:-1","max-image-preview":"max-image-preview:large","max-video-preview":"max-video-preview:-1"},"canonical":"https:\/\/www.music-match.biz\/en\/impressum\/","og_locale":"en_GB","og_type":"article","og_title":"Impressum - MusicMatch 2026 | Festival &amp; Konferenz","og_description":"IMPRESSUM Verein scheune e.V. 1. Vorsitzender Ralf Seifert, vorstand@scheune.org Sitz: Alaunstra\u00dfe 36-40, 01099 Dresden VR 4549, Amtsgericht Dresden UST-ID: DE 244464675 Jeder kann durch Spenden die Arbeit des Vereins unterst\u00fctzen. Wir stellen Spendenquittungen aus. scheune e. V. IBAN DE97 8505 0300 3200 0378 64 SWIFT OSDDDE81XXX Osts\u00e4chsische Sparkasse Dresden Impressum Location scheune Alaunstra\u00dfe 36-40 01099 [&hellip;]","og_url":"https:\/\/www.music-match.biz\/en\/impressum\/","og_site_name":"MusicMatch 2026 | Festival &amp; Konferenz","article_modified_time":"2023-02-13T12:08:43+00:00","twitter_card":"summary_large_image","twitter_misc":{"Estimated reading time":"2 minutes"},"schema":{"@context":"https:\/\/schema.org","@graph":[{"@type":"WebPage","@id":"https:\/\/www.music-match.biz\/impressum\/","url":"https:\/\/www.music-match.biz\/impressum\/","name":"Impressum - MusicMatch 2026 | Festival &amp; Konferenz","isPartOf":{"@id":"https:\/\/www.music-match.biz\/#website"},"datePublished":"2023-02-13T11:49:14+00:00","dateModified":"2023-02-13T12:08:43+00:00","breadcrumb":{"@id":"https:\/\/www.music-match.biz\/impressum\/#breadcrumb"},"inLanguage":"en-GB","potentialAction":[{"@type":"ReadAction","target":["https:\/\/www.music-match.biz\/impressum\/"]}]},{"@type":"BreadcrumbList","@id":"https:\/\/www.music-match.biz\/impressum\/#breadcrumb","itemListElement":[{"@type":"ListItem","position":1,"name":"Startseite","item":"https:\/\/www.music-match.biz\/"},{"@type":"ListItem","position":2,"name":"Impressum"}]},{"@type":"WebSite","@id":"https:\/\/www.music-match.biz\/#website","url":"https:\/\/www.music-match.biz\/","name":"MusicMatch 2026 | Festival &amp; Konferenz","description":"Music for a New Society.","potentialAction":[{"@type":"SearchAction","target":{"@type":"EntryPoint","urlTemplate":"https:\/\/www.music-match.biz\/?s={search_term_string}"},"query-input":{"@type":"PropertyValueSpecification","valueRequired":true,"valueName":"search_term_string"}}],"inLanguage":"en-GB"}]}},"_links":{"self":[{"href":"https:\/\/www.music-match.biz\/en\/wp-json\/wp\/v2\/pages\/1160","targetHints":{"allow":["GET"]}}],"collection":[{"href":"https:\/\/www.music-match.biz\/en\/wp-json\/wp\/v2\/pages"}],"about":[{"href":"https:\/\/www.music-match.biz\/en\/wp-json\/wp\/v2\/types\/page"}],"author":[{"embeddable":true,"href":"https:\/\/www.music-match.biz\/en\/wp-json\/wp\/v2\/users\/1"}],"replies":[{"embeddable":true,"href":"https:\/\/www.music-match.biz\/en\/wp-json\/wp\/v2\/comments?post=1160"}],"version-history":[{"count":0,"href":"https:\/\/www.music-match.biz\/en\/wp-json\/wp\/v2\/pages\/1160\/revisions"}],"wp:attachment":[{"href":"https:\/\/www.music-match.biz\/en\/wp-json\/wp\/v2\/media?parent=1160"}],"curies":[{"name":"wp","href":"https:\/\/api.w.org\/{rel}","templated":true}]}}